{"id":5887,"date":"2024-12-11T11:57:10","date_gmt":"2024-12-11T10:57:10","guid":{"rendered":"https:\/\/vikmidtre.no\/priser-og-booking\/"},"modified":"2026-03-20T13:59:01","modified_gmt":"2026-03-20T12:59:01","slug":"preise-und-buchung","status":"publish","type":"page","link":"https:\/\/vikmidtre.no\/de\/preise-und-buchung\/","title":{"rendered":"Preise und Buchung"},"content":{"rendered":"\n\n\t<h2>Bootsverleih tagespreise 2026<\/h2>\t\n\t\t\t\t\t\t\t\t\t\t\t\t\t\n\t\t\t\t\t\t\t\t\t\t\t\t\t\t\t\t\tBootsverleih\n\t\t\t\t\t\t\t\t\t\t\t\t\t\t\t\n\t\t\t\t\t\t\t\t\t\t\t\t\t\t\t\t\tkr\n\t\t\t\t\t\t\t\t\t\t\t\t\t\t\t\t1430\t\t\t\t\t\t\t\t\t\t\t\t\t\t\t\t\t\t\t\t\t\t\t\t\t Pro Tag pro Boot\n\t<h2>Bootsverleih wochenpreise 2026<\/h2>\t\n\t\t\t\t\t\t\t\t\t\t\t\t\t\n\t\t\t\t\t\t\t\t\t\t\t\t\t\t\t\t\tBootsverleih\n\t\t\t\t\t\t\t\t\t\t\t\t\t\t\t\n\t\t\t\t\t\t\t\t\t\t\t\t\t\t\t\t\tkr\n\t\t\t\t\t\t\t\t\t\t\t\t\t\t\t\t8250\t\t\t\t\t\t\t\t\t\t\t\t\t\t\t\t\t\t\t\t\t\t\t\t\t Pro Woche pro Boot\n\t<h2>Bootsverleih Tagespreise 2027<\/h2>\t\n\t\t\t\t\t\t\t\t\t\t\t\t\t\n\t\t\t\t\t\t\t\t\t\t\t\t\t\t\t\t\tBootsverleih\n\t\t\t\t\t\t\t\t\t\t\t\t\t\t\t\n\t\t\t\t\t\t\t\t\t\t\t\t\t\t\t\t\tkr\n\t\t\t\t\t\t\t\t\t\t\t\t\t\t\t\t1595\t\t\t\t\t\t\t\t\t\t\t\t\t\t\t\t\t\t\t\t\t\t\t\t\t Pro Tag pro Boot\n\t<h2>Bootsverleih wochenpreise 2027<\/h2>\t\n\t\t\t\t\t\t\t\t\t\t\t\t\t\n\t\t\t\t\t\t\t\t\t\t\t\t\t\t\t\t\tBootsverleih\n\t\t\t\t\t\t\t\t\t\t\t\t\t\t\t\n\t\t\t\t\t\t\t\t\t\t\t\t\t\t\t\t\tkr\n\t\t\t\t\t\t\t\t\t\t\t\t\t\t\t\t9075\t\t\t\t\t\t\t\t\t\t\t\t\t\t\t\t\t\t\t\t\t\t\t\t\t Pro Woche pro Boot\n\t<h2>Buchung<\/h2>\n<p>Die H\u00fctte kann per E-Mail oder \u00fcber Airbnb gebucht werden. Boote k\u00f6nnen nur per E-Mail gebucht werden. Hier geht es zu Airbnb:<\/p>\n\t\t\t<a href=\"https:\/\/airbnb.com\/h\/vikmidtre\" target=\"_blank\" rel=\"noopener\">\n\t\t\t\t\t\t\t Buchen Sie auf Airbnb\n\t\t\t\t\t<\/a>\n\t<p>Bei Fragen stehen wir Ihnen gerne zur Verf\u00fcgung.<\/p>\n<p><iframe loading=\"lazy\" src=\"https:\/\/rentalbeam.com\/embed\/e8267e6f-9875-42b4-abe3-a1f0f24a201d?max-months=1\" width=\"100%\" height=\"384\" frameborder=\"0\"><\/iframe><\/p>\n<p>&nbsp;<\/p>\n<h4>Stornierungsbedingungen:<\/h4>\n<p>Volle R\u00fcckerstattung bis 30 Tage vor Anreise. Teilweise R\u00fcckerstattung 7-30 Tage vor Anreise. Danach ist keine R\u00fcckerstattung mehr m\u00f6glich.<\/p>\n\n","protected":false},"excerpt":{"rendered":"<p>Bootsverleih tagespreise 2026 Bootsverleih kr 1430 Pro Tag pro Boot Bootsverleih wochenpreise 2026 Bootsverleih kr 8250 Pro Woche pro Boot Bootsverleih Tagespreise 2027 Bootsverleih kr 1595 Pro Tag pro Boot Bootsverleih wochenpreise 2027 Bootsverleih kr 9075 Pro Woche pro Boot Buchung Die H\u00fctte kann per E-Mail oder \u00fcber Airbnb gebucht werden. Boote k\u00f6nnen nur per&hellip;<\/p>\n","protected":false},"author":3,"featured_media":0,"parent":0,"menu_order":0,"comment_status":"closed","ping_status":"closed","template":"","meta":{"_acf_changed":false,"_analytify_skip_tracking":false,"footnotes":""},"class_list":["post-5887","page","type-page","status-publish","hentry"],"acf":[],"yoast_head":"<!-- This site is optimized with the Yoast SEO plugin v27.2 - https:\/\/yoast.com\/product\/yoast-seo-wordpress\/ -->\n<title>Preise und Buchung - Vik Midtre<\/title>\n<meta name=\"robots\" content=\"index, follow, max-snippet:-1, max-image-preview:large, max-video-preview:-1\" \/>\n<link rel=\"canonical\" href=\"https:\/\/vikmidtre.no\/de\/preise-und-buchung\/\" \/>\n<meta property=\"og:locale\" content=\"de_DE\" \/>\n<meta property=\"og:type\" content=\"article\" \/>\n<meta property=\"og:title\" content=\"Preise und Buchung - Vik Midtre\" \/>\n<meta property=\"og:description\" content=\"Bootsverleih tagespreise 2026 Bootsverleih kr 1430 Pro Tag pro Boot Bootsverleih wochenpreise 2026 Bootsverleih kr 8250 Pro Woche pro Boot Bootsverleih Tagespreise 2027 Bootsverleih kr 1595 Pro Tag pro Boot Bootsverleih wochenpreise 2027 Bootsverleih kr 9075 Pro Woche pro Boot Buchung Die H\u00fctte kann per E-Mail oder \u00fcber Airbnb gebucht werden. Boote k\u00f6nnen nur per&hellip;\" \/>\n<meta property=\"og:url\" content=\"https:\/\/vikmidtre.no\/de\/preise-und-buchung\/\" \/>\n<meta property=\"og:site_name\" content=\"Vik Midtre\" \/>\n<meta property=\"article:modified_time\" content=\"2026-03-20T12:59:01+00:00\" \/>\n<meta name=\"twitter:card\" content=\"summary_large_image\" \/>\n<script type=\"application\/ld+json\" class=\"yoast-schema-graph\">{\"@context\":\"https:\/\/schema.org\",\"@graph\":[{\"@type\":\"WebPage\",\"@id\":\"https:\/\/vikmidtre.no\/de\/preise-und-buchung\/\",\"url\":\"https:\/\/vikmidtre.no\/de\/preise-und-buchung\/\",\"name\":\"Preise und Buchung - Vik Midtre\",\"isPartOf\":{\"@id\":\"https:\/\/vikmidtre.no\/#website\"},\"datePublished\":\"2024-12-11T10:57:10+00:00\",\"dateModified\":\"2026-03-20T12:59:01+00:00\",\"breadcrumb\":{\"@id\":\"https:\/\/vikmidtre.no\/de\/preise-und-buchung\/#breadcrumb\"},\"inLanguage\":\"de\",\"potentialAction\":[{\"@type\":\"ReadAction\",\"target\":[\"https:\/\/vikmidtre.no\/de\/preise-und-buchung\/\"]}]},{\"@type\":\"BreadcrumbList\",\"@id\":\"https:\/\/vikmidtre.no\/de\/preise-und-buchung\/#breadcrumb\",\"itemListElement\":[{\"@type\":\"ListItem\",\"position\":1,\"name\":\"Hjem\",\"item\":\"https:\/\/vikmidtre.no\/de\/titelseite\/\"},{\"@type\":\"ListItem\",\"position\":2,\"name\":\"Preise und Buchung\"}]},{\"@type\":\"WebSite\",\"@id\":\"https:\/\/vikmidtre.no\/#website\",\"url\":\"https:\/\/vikmidtre.no\/\",\"name\":\"Vik Midtre\",\"description\":\"\",\"publisher\":{\"@id\":\"https:\/\/vikmidtre.no\/#organization\"},\"potentialAction\":[{\"@type\":\"SearchAction\",\"target\":{\"@type\":\"EntryPoint\",\"urlTemplate\":\"https:\/\/vikmidtre.no\/?s={search_term_string}\"},\"query-input\":{\"@type\":\"PropertyValueSpecification\",\"valueRequired\":true,\"valueName\":\"search_term_string\"}}],\"inLanguage\":\"de\"},{\"@type\":\"Organization\",\"@id\":\"https:\/\/vikmidtre.no\/#organization\",\"name\":\"Vik Midtre\",\"url\":\"https:\/\/vikmidtre.no\/\",\"logo\":{\"@type\":\"ImageObject\",\"inLanguage\":\"de\",\"@id\":\"https:\/\/vikmidtre.no\/#\/schema\/logo\/image\/\",\"url\":\"https:\/\/vikmidtre.no\/wp-content\/uploads\/2024\/12\/vik-midtre-logo-h.png\",\"contentUrl\":\"https:\/\/vikmidtre.no\/wp-content\/uploads\/2024\/12\/vik-midtre-logo-h.png\",\"width\":1678,\"height\":1241,\"caption\":\"Vik Midtre\"},\"image\":{\"@id\":\"https:\/\/vikmidtre.no\/#\/schema\/logo\/image\/\"}}]}<\/script>\n<!-- \/ Yoast SEO plugin. -->","yoast_head_json":{"title":"Preise und Buchung - Vik Midtre","robots":{"index":"index","follow":"follow","max-snippet":"max-snippet:-1","max-image-preview":"max-image-preview:large","max-video-preview":"max-video-preview:-1"},"canonical":"https:\/\/vikmidtre.no\/de\/preise-und-buchung\/","og_locale":"de_DE","og_type":"article","og_title":"Preise und Buchung - Vik Midtre","og_description":"Bootsverleih tagespreise 2026 Bootsverleih kr 1430 Pro Tag pro Boot Bootsverleih wochenpreise 2026 Bootsverleih kr 8250 Pro Woche pro Boot Bootsverleih Tagespreise 2027 Bootsverleih kr 1595 Pro Tag pro Boot Bootsverleih wochenpreise 2027 Bootsverleih kr 9075 Pro Woche pro Boot Buchung Die H\u00fctte kann per E-Mail oder \u00fcber Airbnb gebucht werden. Boote k\u00f6nnen nur per&hellip;","og_url":"https:\/\/vikmidtre.no\/de\/preise-und-buchung\/","og_site_name":"Vik Midtre","article_modified_time":"2026-03-20T12:59:01+00:00","twitter_card":"summary_large_image","schema":{"@context":"https:\/\/schema.org","@graph":[{"@type":"WebPage","@id":"https:\/\/vikmidtre.no\/de\/preise-und-buchung\/","url":"https:\/\/vikmidtre.no\/de\/preise-und-buchung\/","name":"Preise und Buchung - Vik Midtre","isPartOf":{"@id":"https:\/\/vikmidtre.no\/#website"},"datePublished":"2024-12-11T10:57:10+00:00","dateModified":"2026-03-20T12:59:01+00:00","breadcrumb":{"@id":"https:\/\/vikmidtre.no\/de\/preise-und-buchung\/#breadcrumb"},"inLanguage":"de","potentialAction":[{"@type":"ReadAction","target":["https:\/\/vikmidtre.no\/de\/preise-und-buchung\/"]}]},{"@type":"BreadcrumbList","@id":"https:\/\/vikmidtre.no\/de\/preise-und-buchung\/#breadcrumb","itemListElement":[{"@type":"ListItem","position":1,"name":"Hjem","item":"https:\/\/vikmidtre.no\/de\/titelseite\/"},{"@type":"ListItem","position":2,"name":"Preise und Buchung"}]},{"@type":"WebSite","@id":"https:\/\/vikmidtre.no\/#website","url":"https:\/\/vikmidtre.no\/","name":"Vik Midtre","description":"","publisher":{"@id":"https:\/\/vikmidtre.no\/#organization"},"potentialAction":[{"@type":"SearchAction","target":{"@type":"EntryPoint","urlTemplate":"https:\/\/vikmidtre.no\/?s={search_term_string}"},"query-input":{"@type":"PropertyValueSpecification","valueRequired":true,"valueName":"search_term_string"}}],"inLanguage":"de"},{"@type":"Organization","@id":"https:\/\/vikmidtre.no\/#organization","name":"Vik Midtre","url":"https:\/\/vikmidtre.no\/","logo":{"@type":"ImageObject","inLanguage":"de","@id":"https:\/\/vikmidtre.no\/#\/schema\/logo\/image\/","url":"https:\/\/vikmidtre.no\/wp-content\/uploads\/2024\/12\/vik-midtre-logo-h.png","contentUrl":"https:\/\/vikmidtre.no\/wp-content\/uploads\/2024\/12\/vik-midtre-logo-h.png","width":1678,"height":1241,"caption":"Vik Midtre"},"image":{"@id":"https:\/\/vikmidtre.no\/#\/schema\/logo\/image\/"}}]}},"_links":{"self":[{"href":"https:\/\/vikmidtre.no\/de\/wp-json\/wp\/v2\/pages\/5887","targetHints":{"allow":["GET"]}}],"collection":[{"href":"https:\/\/vikmidtre.no\/de\/wp-json\/wp\/v2\/pages"}],"about":[{"href":"https:\/\/vikmidtre.no\/de\/wp-json\/wp\/v2\/types\/page"}],"author":[{"embeddable":true,"href":"https:\/\/vikmidtre.no\/de\/wp-json\/wp\/v2\/users\/3"}],"replies":[{"embeddable":true,"href":"https:\/\/vikmidtre.no\/de\/wp-json\/wp\/v2\/comments?post=5887"}],"version-history":[{"count":0,"href":"https:\/\/vikmidtre.no\/de\/wp-json\/wp\/v2\/pages\/5887\/revisions"}],"wp:attachment":[{"href":"https:\/\/vikmidtre.no\/de\/wp-json\/wp\/v2\/media?parent=5887"}],"curies":[{"name":"wp","href":"https:\/\/api.w.org\/{rel}","templated":true}]}}