{"id":6105,"date":"2025-04-09T09:32:31","date_gmt":"2025-04-09T07:32:31","guid":{"rendered":"https:\/\/vikmidtre.no\/?page_id=6105"},"modified":"2025-12-19T12:21:41","modified_gmt":"2025-12-19T11:21:41","slug":"boote","status":"publish","type":"page","link":"https:\/\/vikmidtre.no\/de\/boote\/","title":{"rendered":"Boote"},"content":{"rendered":"\n\n\t<p>Vik Midtre bietet Bootsverleih f\u00fcr G\u00e4ste, die die wundersch\u00f6ne Umgebung erkunden und Angelerlebnisse genie\u00dfen m\u00f6chten. Wir haben zwei Kv\u00e6rn\u00f8-Aluminiumboote zur Vermietung.<\/p>\n<h2>\n\t\t\tBoote\t<\/h2>\n\t<ul>\n<li>2 Stk. 19 Fu\u00df\u00a0 Kvaern\u00f8 Aluminiumboot mit 50 PS Yamaha-Viertaktmotor.<\/li>\n<li>Beide Boote sind mit Sonar und GPS ausgestattet.<\/li>\n<li>Benzin f\u00fcr die Boote kommt noch dazu und die G\u00e4ste tanken selbst ca. 10 Minuten an der Zapfs\u00e4ule. 50 Meter vom Hafen entfernt.<\/li>\n<li>Wichtiger Hinweis: F\u00fcr die Bootsversicherung ist eine Anzahlung von 250 Euro zu hinterlegen. Der n\u00e4chste Geldautomat befindet sich in Lauvsnes.<\/li>\n<\/ul>\n\t\t\t\t<img decoding=\"async\" src=\"https:\/\/vikmidtre.no\/wp-content\/uploads\/2025\/02\/img_3233-1.jpg\" alt=\"Bilde av b\u00e5t\" itemprop=\"image\" height=\"1333\" width=\"2000\" title=\"img_3233-1\" onerror=\"this.style.display='none'\" loading=\"lazy\" \/>\n\t\t\t\t<img decoding=\"async\" src=\"https:\/\/vikmidtre.no\/wp-content\/uploads\/2023\/10\/image.jpeg\" alt=\"Bilde av b\u00e5t\" itemprop=\"image\" height=\"682\" width=\"1024\" title=\"undefined\" onerror=\"this.style.display='none'\" loading=\"lazy\" \/>\n<h2>\n\t\t\tBuchen Sie Ihren Aufenthalt\t<\/h2>\n\t\t\t<a href=\"https:\/\/vikmidtre.no\/de\/preise-und-buchung\/\" target=\"_self\">\n\t\t\t\t\t\t\tPreise und buchung\n\t\t\t<\/a>\n\t\t\t<a href=\"http:\/\/airbnb.com\/h\/vikmidtre\" target=\"_self\">\n\t\t\t\t\t\t\tAirbnb\n\t\t\t\t\t<\/a>\n\t\t\t<a href=\"https:\/\/vikmidtre.no\/de\/kontakt\/\" target=\"_self\">\n\t\t\t\t\t\t\tKontaktieren Sie uns\n\t\t\t<\/a>\n\n","protected":false},"excerpt":{"rendered":"<p>Vik Midtre bietet Bootsverleih f\u00fcr G\u00e4ste, die die wundersch\u00f6ne Umgebung erkunden und Angelerlebnisse genie\u00dfen m\u00f6chten. Wir haben zwei Kv\u00e6rn\u00f8-Aluminiumboote zur Vermietung. Boote 2 Stk. 19 Fu\u00df\u00a0 Kvaern\u00f8 Aluminiumboot mit 50 PS Yamaha-Viertaktmotor. Beide Boote sind mit Sonar und GPS ausgestattet. Benzin f\u00fcr die Boote kommt noch dazu und die G\u00e4ste tanken selbst ca. 10 Minuten&hellip;<\/p>\n","protected":false},"author":3,"featured_media":0,"parent":0,"menu_order":0,"comment_status":"closed","ping_status":"closed","template":"","meta":{"_acf_changed":false,"_analytify_skip_tracking":false,"footnotes":""},"class_list":["post-6105","page","type-page","status-publish","hentry"],"acf":[],"yoast_head":"<!-- This site is optimized with the Yoast SEO plugin v27.2 - https:\/\/yoast.com\/product\/yoast-seo-wordpress\/ -->\n<title>Boote - Vik Midtre<\/title>\n<meta name=\"robots\" content=\"index, follow, max-snippet:-1, max-image-preview:large, max-video-preview:-1\" \/>\n<link rel=\"canonical\" href=\"https:\/\/vikmidtre.no\/de\/boote\/\" \/>\n<meta property=\"og:locale\" content=\"de_DE\" \/>\n<meta property=\"og:type\" content=\"article\" \/>\n<meta property=\"og:title\" content=\"Boote - Vik Midtre\" \/>\n<meta property=\"og:description\" content=\"Vik Midtre bietet Bootsverleih f\u00fcr G\u00e4ste, die die wundersch\u00f6ne Umgebung erkunden und Angelerlebnisse genie\u00dfen m\u00f6chten. Wir haben zwei Kv\u00e6rn\u00f8-Aluminiumboote zur Vermietung. Boote 2 Stk. 19 Fu\u00df\u00a0 Kvaern\u00f8 Aluminiumboot mit 50 PS Yamaha-Viertaktmotor. Beide Boote sind mit Sonar und GPS ausgestattet. Benzin f\u00fcr die Boote kommt noch dazu und die G\u00e4ste tanken selbst ca. 10 Minuten&hellip;\" \/>\n<meta property=\"og:url\" content=\"https:\/\/vikmidtre.no\/de\/boote\/\" \/>\n<meta property=\"og:site_name\" content=\"Vik Midtre\" \/>\n<meta property=\"article:modified_time\" content=\"2025-12-19T11:21:41+00:00\" \/>\n<meta property=\"og:image\" content=\"https:\/\/vikmidtre.no\/wp-content\/uploads\/2025\/02\/img_3233-1.jpg\" \/>\n<meta name=\"twitter:card\" content=\"summary_large_image\" \/>\n<meta name=\"twitter:label1\" content=\"Est. reading time\" \/>\n\t<meta name=\"twitter:data1\" content=\"1\u00a0Minute\" \/>\n<script type=\"application\/ld+json\" class=\"yoast-schema-graph\">{\"@context\":\"https:\/\/schema.org\",\"@graph\":[{\"@type\":\"WebPage\",\"@id\":\"https:\/\/vikmidtre.no\/de\/boote\/\",\"url\":\"https:\/\/vikmidtre.no\/de\/boote\/\",\"name\":\"Boote - Vik Midtre\",\"isPartOf\":{\"@id\":\"https:\/\/vikmidtre.no\/#website\"},\"primaryImageOfPage\":{\"@id\":\"https:\/\/vikmidtre.no\/de\/boote\/#primaryimage\"},\"image\":{\"@id\":\"https:\/\/vikmidtre.no\/de\/boote\/#primaryimage\"},\"thumbnailUrl\":\"https:\/\/vikmidtre.no\/wp-content\/uploads\/2025\/02\/img_3233-1.jpg\",\"datePublished\":\"2025-04-09T07:32:31+00:00\",\"dateModified\":\"2025-12-19T11:21:41+00:00\",\"breadcrumb\":{\"@id\":\"https:\/\/vikmidtre.no\/de\/boote\/#breadcrumb\"},\"inLanguage\":\"de\",\"potentialAction\":[{\"@type\":\"ReadAction\",\"target\":[\"https:\/\/vikmidtre.no\/de\/boote\/\"]}]},{\"@type\":\"ImageObject\",\"inLanguage\":\"de\",\"@id\":\"https:\/\/vikmidtre.no\/de\/boote\/#primaryimage\",\"url\":\"https:\/\/vikmidtre.no\/wp-content\/uploads\/2025\/02\/img_3233-1.jpg\",\"contentUrl\":\"https:\/\/vikmidtre.no\/wp-content\/uploads\/2025\/02\/img_3233-1.jpg\"},{\"@type\":\"BreadcrumbList\",\"@id\":\"https:\/\/vikmidtre.no\/de\/boote\/#breadcrumb\",\"itemListElement\":[{\"@type\":\"ListItem\",\"position\":1,\"name\":\"Hjem\",\"item\":\"https:\/\/vikmidtre.no\/de\/titelseite\/\"},{\"@type\":\"ListItem\",\"position\":2,\"name\":\"Boote\"}]},{\"@type\":\"WebSite\",\"@id\":\"https:\/\/vikmidtre.no\/#website\",\"url\":\"https:\/\/vikmidtre.no\/\",\"name\":\"Vik Midtre\",\"description\":\"\",\"publisher\":{\"@id\":\"https:\/\/vikmidtre.no\/#organization\"},\"potentialAction\":[{\"@type\":\"SearchAction\",\"target\":{\"@type\":\"EntryPoint\",\"urlTemplate\":\"https:\/\/vikmidtre.no\/?s={search_term_string}\"},\"query-input\":{\"@type\":\"PropertyValueSpecification\",\"valueRequired\":true,\"valueName\":\"search_term_string\"}}],\"inLanguage\":\"de\"},{\"@type\":\"Organization\",\"@id\":\"https:\/\/vikmidtre.no\/#organization\",\"name\":\"Vik Midtre\",\"url\":\"https:\/\/vikmidtre.no\/\",\"logo\":{\"@type\":\"ImageObject\",\"inLanguage\":\"de\",\"@id\":\"https:\/\/vikmidtre.no\/#\/schema\/logo\/image\/\",\"url\":\"https:\/\/vikmidtre.no\/wp-content\/uploads\/2024\/12\/vik-midtre-logo-h.png\",\"contentUrl\":\"https:\/\/vikmidtre.no\/wp-content\/uploads\/2024\/12\/vik-midtre-logo-h.png\",\"width\":1678,\"height\":1241,\"caption\":\"Vik Midtre\"},\"image\":{\"@id\":\"https:\/\/vikmidtre.no\/#\/schema\/logo\/image\/\"}}]}<\/script>\n<!-- \/ Yoast SEO plugin. -->","yoast_head_json":{"title":"Boote - Vik Midtre","robots":{"index":"index","follow":"follow","max-snippet":"max-snippet:-1","max-image-preview":"max-image-preview:large","max-video-preview":"max-video-preview:-1"},"canonical":"https:\/\/vikmidtre.no\/de\/boote\/","og_locale":"de_DE","og_type":"article","og_title":"Boote - Vik Midtre","og_description":"Vik Midtre bietet Bootsverleih f\u00fcr G\u00e4ste, die die wundersch\u00f6ne Umgebung erkunden und Angelerlebnisse genie\u00dfen m\u00f6chten. Wir haben zwei Kv\u00e6rn\u00f8-Aluminiumboote zur Vermietung. Boote 2 Stk. 19 Fu\u00df\u00a0 Kvaern\u00f8 Aluminiumboot mit 50 PS Yamaha-Viertaktmotor. Beide Boote sind mit Sonar und GPS ausgestattet. Benzin f\u00fcr die Boote kommt noch dazu und die G\u00e4ste tanken selbst ca. 10 Minuten&hellip;","og_url":"https:\/\/vikmidtre.no\/de\/boote\/","og_site_name":"Vik Midtre","article_modified_time":"2025-12-19T11:21:41+00:00","og_image":[{"url":"https:\/\/vikmidtre.no\/wp-content\/uploads\/2025\/02\/img_3233-1.jpg","type":"","width":"","height":""}],"twitter_card":"summary_large_image","twitter_misc":{"Est. reading time":"1\u00a0Minute"},"schema":{"@context":"https:\/\/schema.org","@graph":[{"@type":"WebPage","@id":"https:\/\/vikmidtre.no\/de\/boote\/","url":"https:\/\/vikmidtre.no\/de\/boote\/","name":"Boote - Vik Midtre","isPartOf":{"@id":"https:\/\/vikmidtre.no\/#website"},"primaryImageOfPage":{"@id":"https:\/\/vikmidtre.no\/de\/boote\/#primaryimage"},"image":{"@id":"https:\/\/vikmidtre.no\/de\/boote\/#primaryimage"},"thumbnailUrl":"https:\/\/vikmidtre.no\/wp-content\/uploads\/2025\/02\/img_3233-1.jpg","datePublished":"2025-04-09T07:32:31+00:00","dateModified":"2025-12-19T11:21:41+00:00","breadcrumb":{"@id":"https:\/\/vikmidtre.no\/de\/boote\/#breadcrumb"},"inLanguage":"de","potentialAction":[{"@type":"ReadAction","target":["https:\/\/vikmidtre.no\/de\/boote\/"]}]},{"@type":"ImageObject","inLanguage":"de","@id":"https:\/\/vikmidtre.no\/de\/boote\/#primaryimage","url":"https:\/\/vikmidtre.no\/wp-content\/uploads\/2025\/02\/img_3233-1.jpg","contentUrl":"https:\/\/vikmidtre.no\/wp-content\/uploads\/2025\/02\/img_3233-1.jpg"},{"@type":"BreadcrumbList","@id":"https:\/\/vikmidtre.no\/de\/boote\/#breadcrumb","itemListElement":[{"@type":"ListItem","position":1,"name":"Hjem","item":"https:\/\/vikmidtre.no\/de\/titelseite\/"},{"@type":"ListItem","position":2,"name":"Boote"}]},{"@type":"WebSite","@id":"https:\/\/vikmidtre.no\/#website","url":"https:\/\/vikmidtre.no\/","name":"Vik Midtre","description":"","publisher":{"@id":"https:\/\/vikmidtre.no\/#organization"},"potentialAction":[{"@type":"SearchAction","target":{"@type":"EntryPoint","urlTemplate":"https:\/\/vikmidtre.no\/?s={search_term_string}"},"query-input":{"@type":"PropertyValueSpecification","valueRequired":true,"valueName":"search_term_string"}}],"inLanguage":"de"},{"@type":"Organization","@id":"https:\/\/vikmidtre.no\/#organization","name":"Vik Midtre","url":"https:\/\/vikmidtre.no\/","logo":{"@type":"ImageObject","inLanguage":"de","@id":"https:\/\/vikmidtre.no\/#\/schema\/logo\/image\/","url":"https:\/\/vikmidtre.no\/wp-content\/uploads\/2024\/12\/vik-midtre-logo-h.png","contentUrl":"https:\/\/vikmidtre.no\/wp-content\/uploads\/2024\/12\/vik-midtre-logo-h.png","width":1678,"height":1241,"caption":"Vik Midtre"},"image":{"@id":"https:\/\/vikmidtre.no\/#\/schema\/logo\/image\/"}}]}},"_links":{"self":[{"href":"https:\/\/vikmidtre.no\/de\/wp-json\/wp\/v2\/pages\/6105","targetHints":{"allow":["GET"]}}],"collection":[{"href":"https:\/\/vikmidtre.no\/de\/wp-json\/wp\/v2\/pages"}],"about":[{"href":"https:\/\/vikmidtre.no\/de\/wp-json\/wp\/v2\/types\/page"}],"author":[{"embeddable":true,"href":"https:\/\/vikmidtre.no\/de\/wp-json\/wp\/v2\/users\/3"}],"replies":[{"embeddable":true,"href":"https:\/\/vikmidtre.no\/de\/wp-json\/wp\/v2\/comments?post=6105"}],"version-history":[{"count":0,"href":"https:\/\/vikmidtre.no\/de\/wp-json\/wp\/v2\/pages\/6105\/revisions"}],"wp:attachment":[{"href":"https:\/\/vikmidtre.no\/de\/wp-json\/wp\/v2\/media?parent=6105"}],"curies":[{"name":"wp","href":"https:\/\/api.w.org\/{rel}","templated":true}]}}